{"id":276,"date":"2016-02-02T20:58:31","date_gmt":"2016-02-02T18:58:31","guid":{"rendered":"http:\/\/katolikuopetus.ee\/kiriklikvaatleja\/?page_id=276"},"modified":"2017-03-09T08:41:09","modified_gmt":"2017-03-09T06:41:09","slug":"uudised-ja-analuusid-kirikustperekonnateemaline-piiskoppide-sinod-4-25-xi-2015","status":"publish","type":"page","link":"https:\/\/katolikuopetus.ee\/kiriklikvaatleja\/uudised-ja-analuusid-kirikustperekonnateemaline-piiskoppide-sinod-4-25-xi-2015\/","title":{"rendered":"PEREKONNATEEMALINE PIISKOPPIDE SINOD (4.-25. XI 2015)"},"content":{"rendered":"<h4>PEREKONNATEEMALISE KORRALISE PIISKOPPIDE SINODIGA (4.-25. XI 2015) SEOTUD KIRJUTISED<\/h4>\n<h2><\/h2>\n<h2><\/h2>\n<h5><strong>I. PEREKONNATEEMALISE KORRALISE PIISKOPPIDE SINODI EEL JA ERAKORRALISE PIISKOPPIDE SINODI (5.-19. XI 2014) J\u00c4RELKAJAD<\/strong><\/h5>\n<h2><\/h2>\n<h6><strong><a href=\"http:\/\/Michael\/\">Michael<\/a><a href=\"http:\/\/katolikuopetus.ee\/kiriklikvaatleja\/piiskoppide-sinod-ja-halastuse-turannia\/\"> Mateson Miller: <i>Piiskoppide sinod ja halastuse t\u00fcrannia<\/i><\/a><\/strong><\/h6>\n<h6><strong><a href=\"http:\/\/katolikuopetus.ee\/kiriklikvaatleja\/paljudele-tundub-et-kiriku-laev-on-kaotanud-oma-kompassi\/\"><span lang=\"et-EE\">Kardinal Raymond Leo Burke&#8217;i intervjuu ajakirjale<\/span><i><span lang=\"et-EE\"> Vida Nueva: Paljudele tundub, et Kiriku laev on kaotanud oma kompassi<\/span><\/i><\/a><\/strong><\/h6>\n<h6><strong><a href=\"http:\/\/katolikuopetus.ee\/kiriklikvaatleja\/varisere-trotsides-ajakirja-polonia-christiana-vestlus-piiskop-athanasius-schneideriga\/\">Varisere trotsides. Ajakirja <em>Polonia Christiana<\/em> vestlus piiskop Athanasius Schneideriga<\/a><\/strong><\/h6>\n<h6><strong><a href=\"http:\/\/katolikuopetus.ee\/kiriklikvaatleja\/pojalik-palve-paavst-franciscusele-perekonna-tuleviku-asjus-eeloleva-piiskoppide-sinodi-eel\/\"><i>Pojalik palve paavst Franciscusele perekonna tuleviku asjus eeloleva piiskoppide sinodi eel<\/i> (avalik p\u00f6\u00f6rdumine \u00fcle 860 000 allkirjaga)<\/a><\/strong><\/h6>\n<h6><strong><i><a href=\"http:\/\/katolikuopetus.ee\/kiriklikvaatleja\/avalik-kiri-paavst-franciscusele-ja-piiskoppide-sinodile-enam-kui-100-lt-katoliku-konvertiidilt\/\">Avalik kiri paavst Franciscusele ja Piiskoppide Sinodile enam kui 100-lt katoliku konvertiidilt<\/a><\/i><\/strong><\/h6>\n<h6><strong><a href=\"http:\/\/katolikuopetus.ee\/kiriklikvaatleja\/tungiv-palve-puhale-isale\/\">P. Pius X Preestrite Vennaskonna <i>Tungiv palve p\u00fchale isale<\/i><\/a><\/strong><\/h6>\n<h6><strong><a href=\"http:\/\/katolikuopetus.ee\/kiriklikvaatleja\/uued-abielu-kehtimatuks-kuulutamise-protseduurid-jurist-annab-havitava-hinnangu-paavst-franciscuse-reformile\/\"><span lang=\"et-EE\">Sandro Magister:<\/span><i><span lang=\"et-EE\"> Uued abielu kehtimatuks kuulutamise protseduurid: Jurist annab h\u00e4vitava hinnangu paavst Franciscuse reformile<\/span><\/i><\/a>\u00a0<\/strong><\/h6>\n<h6><strong><a href=\"http:\/\/katolikuopetus.ee\/kiriklikvaatleja\/on-keelatud-nimetada-seda-abielulahutuseks-kuid-kindlasti-naeb-see-sellisena-valja\/\"><span lang=\"et-EE\">Sandro Magister:<\/span><i><span lang=\"et-EE\"> On keelatud nimetada seda abielulahutuseks, kuid kindlasti n\u00e4eb see sellisena v\u00e4lja<\/span><\/i><\/a>\u00a0<\/strong><\/h6>\n<h6><strong><a href=\"http:\/\/katolikuopetus.ee\/Roberto\">Roberto<\/a><a href=\"http:\/\/katolikuopetus.ee\/kiriklikvRoberto\"> de Mattei<\/a><a href=\"http:\/\/katolikuopetus.ee\/kiriklikvaatleja\/kristlikule\">: <em>Kristlikule<\/em><\/a><em><a href=\"http:\/\/katolikuopetus.ee\/kiriklikvaatleja\/kristlikule-abielule\"> abielule<\/a><a href=\"http:\/\/katolikuopetus.ee\/kiriklikvaatleja\/kristlikule-abielule-on\"> on<\/a><a href=\"http:\/\/katolikuopetus.ee\/kiriklikvaatleja\/kristlikule-abielule-on-loodud\"> l\u00f6\u00f6dud<\/a><a href=\"http:\/\/katolikuopetus.ee\/kiriklikvaatleja\/kristlikule-abielule-on-loodud-haav\/\"> haav<\/a><\/em><\/strong><\/h6>\n<h2><\/h2>\n<h2><\/h2>\n<h5><strong>II. PEREKONNATEEMALISE PIISKOPPIDE KORRALISE SINODI (4.-25. X 2015) AJAL<\/strong><\/h5>\n<h2><\/h2>\n<h6><strong><a href=\"http:\/\/katolikuopetus.ee\/kiriklikvaatleja\/kolmeteistkumne-kardinali-kiri-paavstile-sundmuste-kroonika-kirja-sisu-kontekst-ja-tahtsus\/\">Kolmeteistk\u00fcmne kardinali kiri paavstile: s\u00fcndmuste kroonika, kirja sisu, kontekst ja t\u00e4htsus<\/a>\u00a0<\/strong><\/h6>\n<h6><strong><a href=\"http:\/\/katolikuopetus.ee\/kiriklikvaatleja\/Voice\"><span lang=\"et-EE\">Katoliiklaste elu ja perekonda kaistvate \u00fchenduste rahvusvahelise liidu<\/span><i><span lang=\"et-EE\"> Voice<\/span><\/i><\/a><i><span lang=\"et-EE\"><a href=\"http:\/\/katolikuopetus.ee\/kiriklikvaatleja\/voice-of-the-family-manifest\/\"> of the Family <\/a><\/span><\/i><span lang=\"et-EE\"><a href=\"http:\/\/katolikuopetus.ee\/kiriklikvaatleja\/voice-of-the-family-manifest\/\">manifest<\/a>\u00a0<\/span><\/strong><\/h6>\n<h6><strong><a href=\"http:\/\/katolikuopetus.ee\/kiriklikvaatleja\/kaasaegne-seksuaalharidus-on-meie-lapsi-seksuaalselt-vaarastav-isad-kaitske-oma-lapsi\/\">John Henry Westen, Voice of the Family asutajaliige: <i>Kaasaegne seksuaalharidus on meie lapsi seksuaalselt v\u00e4\u00e4rastav: isad, kaitske oma lapsi!<\/i><\/a>\u00a0<\/strong><\/h6>\n<h6><strong><a href=\"http:\/\/katolikuopetus.ee\/kiriklikvaatleja\/peapiiskop-gadecki-interventsioon-sinodil-kiriku-opetust-ei-saa-vaanata-inimese-tahte-jargi\/\"><span lang=\"et-EE\">Poola Piiskoppide Konverentsi presidendi peapiiskop Stanis\u0142aw G\u0105decki interventsioon Piiskoppide Sinodil: <\/span><span lang=\"et-EE\"><i>Kiriku \u00f5petust ei saa v\u00e4\u00e4nata inimese tahte j\u00e4rgi<\/i><\/span><\/a>\u00a0<\/strong><\/h6>\n<h6><strong><span lang=\"et-EE\"><a href=\"http:\/\/katolikuopeAstana\/\">Astana<\/a><a href=\"http:\/\/katolikuopetus.ee\/kiriklikvaatleja\/peapiiskop-peta-sinodi-sonavottudes-on-margata-saatanlikku-suitsu\/\"> peapiiskopi Tomasz P\u0119ta s\u00f5nav\u00f5tt Piiskoppide Sinodil: <\/a><\/span><span lang=\"et-EE\"><i><a href=\"http:\/\/katolikuopetus.ee\/kiriklikvaatleja\/peapiiskop-peta-sinodi-sonavottudes-on-margata-saatanlikku-suitsu\/\">Sinodi s\u00f5nav\u00f5ttudes on m\u00e4rgata saatanlikku suitsu<\/a>\u00a0<\/i><\/span><\/strong><\/h6>\n<h6><strong><a href=\"http:\/\/katolikuopetus.ee\/kiriklikvaatleja\/peapiiskop-fulop-kocsis-sinod-peab-teadvustama-saatanat-kui-perekondade-vastu-suunatud-runnakute-allikat\/\"><span lang=\"et-EE\">Hajdudorogi peapiiskopi F\u00fclop Kocsise s\u00f5nav\u00f5tt Piiskoppide Sinodil:<\/span><i><span lang=\"et-EE\"> Sinod peab teadvustama Saatanat kui perekondade vastu suunatud r\u00fcnnakute allikat<\/span><\/i><\/a>\u00a0<\/strong><\/h6>\n<h6><strong><a href=\"http:\/\/katolikuopetus.ee\/kiriklikvaatleja\/vanemad-on-oma-laste-esmased-kasvatajad\/\">Voice of the Family: <em>Vanemad on oma laste esmased kasvatajad<\/em><\/a><\/strong><\/h6>\n<h6><strong><a href=\"http:\/\/katolikuopetus.ee\/kiriklikvaatleja\/Poola\">Poola<\/a><a href=\"http:\/\/katolikuopetus.ee\/kiriklikvaatleja\/poola-piiskoppide-pea-seisab-vastu-heterodokssetele-saksa-piiskoppidele\/\"> piiskoppide pea seisab vastu heterodokssetele saksa piiskoppidele<\/a><\/strong><\/h6>\n<h6><b><a href=\"http:\/\/katolikuopetus.ee\/kiriklikvaatleja\/Kardinal\">Kardinal<\/a><a href=\"http:\/\/katolikuopetus.ee\/kiriklikvaatleja\/kardinal-burke-kuulutab-sinodi-vastuolulised-ettepanekuid-katoliiklusele-lihtsalt-vastupidisteks\/\"> Burke kuulutab sinodi vastuolulised ettepanekud katoliiklusele lihtsalt vastupidisteks<\/a><\/b><\/h6>\n<h6><b><a href=\"http:\/\/katolikuopetus.ee\/kiriklikvaatleja\/Lapsevanemate\">Lapsevanemate<\/a><a href=\"http:\/\/katolikuopetus.ee\/kiriklikvaatleja\/lapsevanemate-oigusi-tuleb-kinnitada-utlevad-kardinal-burke-ja-perekonda-toetavad-eksperdid-kui-sinod-on-poole-peal\/\"> \u00f5igusi tuleb kinnitada, \u00fctlevad kardinal Burke ja perekonda toetavad eksperdid kui sinod on poole peal<\/a>\u00a0<\/b><\/h6>\n<h6><strong><a href=\"http:\/\/katolikuopetus.ee\/kiriklikvaatleja\/Lahutatud\">Lahutatud<\/a><a href=\"http:\/\/katolikuopetus.ee\/kiriklikvaatleja\/lahutatud-ja-korduvabielu-solminud-inimesi-ei-tohiks-puhale-armulauale-lubada-nende-sudametunnistuse-otsused-ei-ole-nende-hingekarjase-jaoks-siduvad\/\"> ja korduvabielu s\u00f5lminud inimesi ei tohiks P\u00fchale Armulauale lubada: nende s\u00fcdametunnistuse otsused ei ole nende hingekarjase jaoks siduvad<\/a>\u00a0<\/strong><\/h6>\n<h6><strong><a href=\"http:\/\/katolikuopetus.ee\/kiriklikvaatleja\/Paavsti\">Paavsti<\/a><a href=\"http:\/\/katolikuopetus.ee\/kiriklikvaatleja\/paavsti-uleskutse-kiriku-detsentraliseerimiseks-ohustab-katoliku-doktriini-terviklikkust\/\"> \u00fcleskutse Kiriku detsentraliseerimiseks ohustab katoliku doktriini terviklikkust<\/a><\/strong><\/h6>\n<h6><strong><a href=\"http:\/\/katolikuopetus.ee\/kiriklikvaatleja\/Lasta\">Lasta<\/a><a href=\"http:\/\/katolikuopetus.ee\/kiriklikvaatleja\/lasta-piiskoppide-konverentsidel-endil-otsustada-homoseksuaalsuse-ja-lahutuse-ule-on-voimatu-utleb-kardinal-arinze\/\"> piiskoppide konverentsidel endil otsustada homoseksuaalsuse ja lahutuse \u00fcle on v\u00f5imatu, \u00fctleb kardinal Arinze<\/a>\u00a0<\/strong><\/h6>\n<h6><strong><a href=\"http:\/\/katolikuopetus.ee\/kiriklikvaatleja\/Kardinal\">Kardinal<\/a><a href=\"http:\/\/katolikuopetus.ee\/kiriklikvaatleja\/kardinal-arinze-inimesed-kes-viibivad-objektiivselt-patu-seisundis-ei-saa-armulauasakramenti-vastu-votta-puhta-sudametunnistusega\/\"> Arinze:<em> Inimesed, kes viibivad objektiivselt patu seisundis, ei saa Armulauasakramenti vastu v\u00f5tta puhta s\u00fcdametunnistusega<\/em><\/a><em>\u00a0<\/em><\/strong><\/h6>\n<h2><\/h2>\n<h2><em>\u00a0<\/em><\/h2>\n<h5><strong>III. PEREKONNATEEMALISE PIISKOPPIDE SINODI TULEMUSED JA J\u00c4RELKAJAD. SINODIJ\u00c4RGNE APOSTELLIK \u00dcLESKUTSE <em>AMORIS LAETITIA<\/em><\/strong><\/h5>\n<h2><\/h2>\n<h6><strong><a href=\"http:\/\/katolikuopetus.ee\/kiriklikvaatleja\/94\">94<\/a><a href=\"http:\/\/katolikuopetus.ee\/kiriklikvaatleja\/94-sinodil-osalenud-preestritest-haaletas-vanemlikke-oiguseid-oonestava-otsuse-kasuks\/\"> % Sinodil osalenud piiskoppidest h\u00e4\u00e4letas vanemlikke \u00f5iguseid \u00f5\u00f5nestava otsuse kasuks<\/a>\u00a0<\/strong><\/h6>\n<h6><strong><a href=\"http:\/\/katolikuopetus.ee\/kiriklikvaatleja\/Eksklusiivne\">Eksklusiivne<\/a><a href=\"http:\/\/katolikuopetus.ee\/kiriklikvaatleja\/eksklusiivne-arvamuslugu-rorate-caelile-don-pio-pace-paljastab-sinodi-jargne-uleskutse-on-juba-septembrist-saadik-valmis\/\"> arvamuslugu <em>Rorate Caeli<\/em>le: Don Pio Pace paljastab: sinodij\u00e4rgne \u00fcleskutse on juba septembrist saadik valmis<\/a>\u00a0<\/strong><\/h6>\n<h6><strong><a href=\"http:\/\/katolikuopetus.ee\/kiriklikvaatleja\/Doktriini\">Doktriini<\/a><a href=\"http:\/\/katolikuopetus.ee\/kiriklikvaatleja\/doktriini-sonaselge-valjendamise-asemel-vottis-sinod-omaks-alarmeeriva-sotsioloogilise-lahenemise\/\"> s\u00f5naselge v\u00e4ljendamise asemel v\u00f5ttis sinod omaks alarmeeriva sotsioloogilise l\u00e4henemise<\/a>\u00a0<\/strong><\/h6>\n<h6><a href=\"http:\/\/katolikuopetus.ee\/kiriklikvaatleja\/John\">John<\/a><a href=\"http:\/\/katolikuopetus.ee\/kiriklikvaatleja\/john-smeaton-perekonnateemalise-piiskoppide-sinodi-lopparuande-kohta\/\"> Smeaton perekonnateemalise piiskoppide sinodi l\u00f5pparuande kohta<\/a><\/h6>\n<h6><strong><a href=\"http:\/\/katolikuopetus.ee\/kiriklikvaatleja\/Kuidas\">Kuidas<\/a><a href=\"http:\/\/katolikuopetus.ee\/kiriklikvaatleja\/kuidas-heterodokssed-prelaadid-piiskoppide-sinodil-kiriku-opetust-muuta-puudsid\/\"> heterodokssed prelaadid piiskoppide sinodil Kiriku \u00f5petust muuta p\u00fc\u00fcdsid<\/a>\u00a0<\/strong><\/h6>\n<h6><strong><a href=\"http:\/\/katolikuopetus.ee\/kiriklikvaatleja\/Roberto\">Roberto<\/a><a href=\"http:\/\/katolikuopetus.ee\/kiriklikvaatleja\/Perekonnateemalise\"> de Mattei: <em>Perekonnateemalise<\/em><\/a><em><a href=\"http:\/\/katolikuopetus.ee\/kiriklikvaatleja\/perekonnateemalise-sinodi-tulemused-ei-olnud-voitjaid-ainult-kaotajad-neist-esimesena-katoliku-moraal\/\"> sinodi tulemused: ei olnud v\u00f5itjaid, ainult kaotajad \u2013 neist esimesena katoliku moraal<\/a>\u00a0<\/em><\/strong><\/h6>\n<h6><strong><a href=\"http:\/\/katolikuopetus.ee\/Piiskop\">Piiskop<\/a><a href=\"http:\/\/katolikuopetus.ee\/kiriklikvaatleja\/sinodi-lopparuanne-avab-tagaukse-neo-mosaistlikule-praktikale\/\"> Athanasius Schneideri eksklusiivne seisukohav\u00f5tt blogile <em>Rorate Caeli<\/em>: <em>Sinodi l\u00f5pparuanne avab tagaukse neo-mosaistlikule praktikale<\/em>\/<\/a>\u00a0\u00a0<\/strong><\/h6>\n<h6><strong><a href=\"http:\/\/Roberto\/\">Roberto<\/a><\/strong><strong><a href=\"http:\/\/katolikuopetus.ee\/puha-theodorus-studiit-ja-abielu-rikkuv-sinod\/\">\u00a0de Mattei: <i>P\u00fcha Theodorus Studiit ja abielu rikkuv sinod<\/i><\/a>\u00a0\u00a0<\/strong><\/h6>\n<h6><strong><a href=\"http:\/\/katolikuopetus.ee\/kiriklikvaatleja\/Palve\">Palve<\/a><a href=\"http:\/\/katolikuopetus.ee\/kiriklikvaatleja\/palve-paavstile-elu-ja-perekonda-kaistvate-liikumiste-juhid-kutsuvad-paavsti-ules-lopetama-segadust\/\"> paavstile: Elu ja perekonda kaitsvate liikumiste juhid kutsuvad paavsti \u00fcles l\u00f5petama segadust<\/a><\/strong><\/h6>\n<h6><strong><a href=\"http:\/\/katolikuopetus.ee\/kiriklikvaatlejaRoberto\">Roberto<\/a><a href=\"http:\/\/katolikuopetus.ee\/kiriklikvaatleja\/sinodijargne-uleskutse-amoris-laetitia-esimesed-tahelepanekud-katastroofilise-dokumendi-kohta\/\"> de Mattei: <em>Sinodij\u00e4rgne \u00fcleskutse Amoris laetitia: Esimesed t\u00e4helepanekud katastroofilise dokumendi kohta<\/em><\/a>\u00a0<\/strong><\/h6>\n<h6><strong><a href=\"http:\/\/katolikuopetus.ee\/kiriklikvaatleja\/Piiskop\">Piiskop<\/a><a href=\"http:\/\/katolikuopetus.ee\/kiriklikvaatleja\/piiskop-athanasius-schneideri-seisukohavott-paavstliku-uleskutse-amoris-laetitia-kohta-hadavajadus-anda-selgitusi-uleuldise-segaduse-valtimiseks\/\"> Athanasius Schneideri seisukohav\u00f5tt paavstliku \u00fcleskutse Amoris laetitia kohta: H\u00e4davajadus anda selgitusi \u00fcle\u00fcldise segaduse v\u00e4ltimiseks<\/a>\u00a0<\/strong><\/h6>\n<h6><strong><a href=\"http:\/\/katolikuopetus.ee\/kiriklikvaatleja\/Voice\">Voice<\/a><a href=\"http:\/\/katolikuopetus.ee\/kiriklikvaatleja\/Katoliiklased\"> of the Family: Katoliiklased<\/a><a href=\"http:\/\/katolikuopetus.ee\/kiriklikvaatleja\/katoliiklased-ei-saa-aksepteerida-apostelliku-uleskutse-loike-mis-ahvardavad-usku-ja-perekonda\/\"> ei saa aktsepteerida apostelliku \u00fcleskutse l\u00f5ike mis \u00e4hvardavad usku ja perekonda<\/a><\/strong><\/h6>\n<h6><strong><a href=\"http:\/\/katolikuopetus.ee\/kiriklikvaatleja\/Teadmiseks\">Teadmiseks<\/a><a href=\"http:\/\/katolikuopetus.ee\/kiriklikvaatleja\/teadmiseks-paavst-franciscus-kinnitab-et-amoris-laetitia-lubab-abielurikkujatele-armulauaosadust\/\">: paavst Franciscus kinnitab, et <em>Amoris laetitia<\/em> lubab abielurikkujatele armulauaosadust<\/a>\u00a0<\/strong><\/h6>\n<h6><strong><a href=\"http:\/\/katolikuopetus.ee\/kiriklikvaatleja\/Franciscuse\">Franciscuse<\/a><a href=\"http:\/\/katolikuopetus.ee\/kiriklikvaatleja\/franciscuse-opetus-lahutatud-ja-uuesti-abiellunute-armulauaosaduse-kusimuses-on-kaks-voimalust-olla-kristusega-voi-luciferiga\/\"> \u00f5petus: Lahutatud ja uuesti abiellunute armulauaosaduse k\u00fcsimuses on kaks v\u00f5imalust: olla Kristusega v\u00f5i olla Luciferiga<\/a>\u00a0<\/strong><\/h6>\n<h6><strong><a href=\"http:\/\/katolikuopetus.ee\/kiriklikvaatleja\/Prof\">Prof<\/a><a href=\"http:\/\/katolikuopetus.ee\/kiriklikvaatleja\/robert-spaemann-amoris-laetitia-kohta-katkestus-kiriku-opetusliku-traditsiooniga\/\">. Robert Spaemann <em>Amoris laetitia<\/em> kohta: Katkestus Kiriku \u00f5petusliku traditsiooniga<\/a>\u00a0<\/strong><\/h6>\n<h6><strong><a href=\"http:\/\/katolikuopetus.ee\/kiriklikvaatleja\/Tippfilosoof\">Tippfilosoof<\/a><a href=\"http:\/\/katolikuopetus.ee\/kiriklikvaatleja\/tippfilosoof-paavst-peab-tagasi-votma-objektiivselt-hereetilised-seisukohad-et-valtida-kirikulohet\/\">: paavst peab tagasi v\u00f5tma objektiivselt hereetilised seisukohad, et v\u00e4ltida kirikul\u00f5het<\/a>\u00a0<\/strong><\/h6>\n<p><strong><a href=\"http:\/\/katolikuopetus.ee\/kiriklikvaatleja\/Neli\">Neli<\/a><\/strong><strong><a href=\"http:\/\/katolikuopetus.ee\/kiriklikvaatleja\/neli-kardinali-astuvad-viie-dubiumiga-paavst-franciscusele-uleskutse-amoris-laetitia-asjus-teele-risti-ette\/\"> kardinali astuvad viie dubiumiga paavst Franciscusele \u00fcleskutse <em>Amoris laetitia<\/em> asjus teele risti ette<\/a>\u00a0<\/strong><\/p>\n<p><strong><a href=\"http:\/\/katolikuopetus.ee\/kiriklikvaatleja\/Mis\">Mis<\/a> <a href=\"http:\/\/katolikuopetus.ee\/kiriklikvaatleja\/mis-juhtub-siis-kui-paavst-franciscus-ei-vasta-dubiatele-kardinal-burke\u02bci-vastus-2\/\">juhtub siis, kui paavst Franciscus ei vasta dubiatele? Kardinal Burke&#8217;i vastus<\/a><\/strong><\/p>\n<h2><\/h2>\n","protected":false},"excerpt":{"rendered":"<p>PEREKONNATEEMALISE KORRALISE PIISKOPPIDE SINODIGA (4.-25. XI 2015) SEOTUD KIRJUTISED I. PEREKONNATEEMALISE KORRALISE PIISKOPPIDE SINODI EEL JA ERAKORRALISE PIISKOPPIDE SINODI (5.-19. XI 2014) J\u00c4RELKAJAD Michael Mateson Miller: Piiskoppide sinod ja halastuse t\u00fcrannia Kardinal Raymond Leo Burke&#8217;i intervjuu ajakirjale Vida Nueva: Paljudele tundub, et Kiriku laev on kaotanud oma kompassi Varisere trotsides. Ajakirja Polonia Christiana vestlus piiskop Athanasius Schneideriga Pojalik palve paavst<\/p>\n","protected":false},"author":1,"featured_media":0,"parent":0,"menu_order":0,"comment_status":"closed","ping_status":"closed","template":"","meta":{"footnotes":""},"_links":{"self":[{"href":"https:\/\/katolikuopetus.ee\/kiriklikvaatleja\/wp-json\/wp\/v2\/pages\/276"}],"collection":[{"href":"https:\/\/katolikuopetus.ee\/kiriklikvaatleja\/wp-json\/wp\/v2\/pages"}],"about":[{"href":"https:\/\/katolikuopetus.ee\/kiriklikvaatleja\/wp-json\/wp\/v2\/types\/page"}],"author":[{"embeddable":true,"href":"https:\/\/katolikuopetus.ee\/kiriklikvaatleja\/wp-json\/wp\/v2\/users\/1"}],"replies":[{"embeddable":true,"href":"https:\/\/katolikuopetus.ee\/kiriklikvaatleja\/wp-json\/wp\/v2\/comments?post=276"}],"version-history":[{"count":43,"href":"https:\/\/katolikuopetus.ee\/kiriklikvaatleja\/wp-json\/wp\/v2\/pages\/276\/revisions"}],"predecessor-version":[{"id":1055,"href":"https:\/\/katolikuopetus.ee\/kiriklikvaatleja\/wp-json\/wp\/v2\/pages\/276\/revisions\/1055"}],"wp:attachment":[{"href":"https:\/\/katolikuopetus.ee\/kiriklikvaatleja\/wp-json\/wp\/v2\/media?parent=276"}],"curies":[{"name":"wp","href":"https:\/\/api.w.org\/{rel}","templated":true}]}}